{"id":47,"date":"2026-01-07T12:38:11","date_gmt":"2026-01-07T11:38:11","guid":{"rendered":"https:\/\/transilioze.fr\/?page_id=47"},"modified":"2026-02-02T12:32:24","modified_gmt":"2026-02-02T11:32:24","slug":"offres-accompagnements","status":"publish","type":"page","link":"https:\/\/transilioze.fr\/index.php\/offres-accompagnements\/","title":{"rendered":"Offres\/Accompagnements"},"content":{"rendered":"\n<div class=\"wp-block-cover alignfull is-light\" style=\"min-height:280px;aspect-ratio:unset;\"><img decoding=\"async\" class=\"wp-block-cover__image-background wp-image-270\" alt=\"\" src=\"https:\/\/tyler.com\/wp-content\/themes\/variations\/assets\/images\/about\/About-banner-1.jpg\" style=\"object-position:49% 78%\" data-object-fit=\"cover\" data-object-position=\"49% 78%\"\/><span aria-hidden=\"true\" class=\"wp-block-cover__background has-background-dim-0 has-background-dim\"><\/span><div class=\"wp-block-cover__inner-container is-layout-flow wp-block-cover-is-layout-flow\">\n<div class=\"wp-block-group is-style-default is-vertical is-content-justification-center is-layout-flex wp-container-core-group-is-layout-3cf0b2a3 wp-block-group-is-layout-flex\" style=\"padding-top:50px;padding-right:2.01rem;padding-bottom:0;padding-left:2.01rem\">\n<h1 class=\"wp-block-heading has-text-color\" style=\"color:#345c01;font-size:clamp(2.629rem, 2.629rem + ((1vw - 0.2rem) * 4.311), 5rem);font-style:normal;font-weight:500\">Nos <mark style=\"background-color:rgba(0, 0, 0, 0)\" class=\"has-inline-color has-custom-vert-fonc-1-color\">Accompagnements<\/mark><\/h1>\n<\/div>\n<\/div><\/div>\n\n\n\n<div class=\"wp-block-group alignwide has-global-padding is-layout-constrained wp-container-core-group-is-layout-485a6133 wp-block-group-is-layout-constrained\" id=\"BEGES\" style=\"padding-top:0rem;padding-right:0;padding-left:0\">\n<div class=\"wp-block-media-text alignwide has-media-on-the-right is-stacked-on-mobile\" style=\"margin-right:0;margin-left:0;padding-right:0;padding-left:0;grid-template-columns:auto 40%\" id=\"BEGES\"><div class=\"wp-block-media-text__content\">\n<div class=\"wp-block-group has-global-padding is-layout-constrained wp-container-core-group-is-layout-31e26f69 wp-block-group-is-layout-constrained\" style=\"padding-top:0rem;padding-right:0rem;padding-bottom:0rem;padding-left:0\">\n<h6 class=\"wp-block-heading has-text-align-left has-custom-vert-fonc-1-color has-text-color has-link-color wp-elements-a8fb149602d2e245ae7e6c8a6e989790\" style=\"font-size:clamp(1.502rem, 1.502rem + ((1vw - 0.2rem) * 1.815), 2.5rem);font-style:normal;font-weight:400;text-transform:capitalize\"><br>\ud83c\udf31<strong>Bilan Carbone \/ BEGES<\/strong><\/h6>\n\n\n\n<p class=\"has-text-color has-link-color wp-elements-47d1943eeb81c7589d5285e8732578ca\" style=\"color:#585858;font-size:clamp(14px, 0.875rem + ((1vw - 3.2px) * 0.455), 18px);\">Transilioze accompagne les collectivit\u00e9s et les organisations dans la r\u00e9alisation de leur Bilan d\u2019\u00c9missions de Gaz \u00e0 Effet de Serre (BEGES), conform\u00e9ment aux exigences r\u00e9glementaires et m\u00e9thodologiques.<br>Nous analysons l\u2019ensemble des postes d\u2019\u00e9missions (\u00e9nergie, d\u00e9placements, achats, patrimoine, services\u2026) afin de produire un diagnostic fiable, partag\u00e9 et op\u00e9rationnel.<br>Au-del\u00e0 des chiffres, notre approche vise \u00e0 rendre les r\u00e9sultats compr\u00e9hensibles et utiles \u00e0 la d\u00e9cision.<br>Le bilan carbone devient ainsi un v\u00e9ritable outil de pilotage, servant de base \u00e0 une strat\u00e9gie climat ambitieuse et r\u00e9aliste.<br>Nous accompagnons \u00e9galement la mont\u00e9e en comp\u00e9tence des \u00e9quipes pour une appropriation durable de la d\u00e9marche.<\/p>\n\n\n\n<div class=\"wp-block-buttons is-content-justification-left is-layout-flex wp-container-core-buttons-is-layout-5a13364f wp-block-buttons-is-layout-flex\" style=\"margin-top:2.01rem;margin-bottom:2.01rem\">\n<div class=\"wp-block-button is-style-fill\"><a class=\"wp-block-button__link has-text-color has-background has-custom-font-size wp-element-button\" style=\"border-radius:0px;color:#ffffff;background-color:#74a84a;padding-top:9px;padding-right:40px;padding-bottom:9px;padding-left:40px;font-size:clamp(0.875rem, 0.875rem + ((1vw - 0.2rem) * 0.464), 1.13rem);font-style:normal;font-weight:300;letter-spacing:2px;text-transform:uppercase\">Pour en savoir plus<\/a><\/div>\n<\/div>\n<\/div>\n<\/div><figure class=\"wp-block-media-text__media\"><img decoding=\"async\" src=\"https:\/\/tyler.com\/wp-content\/themes\/variations\/assets\/images\/about\/Our-Mission-min-1.jpg\" alt=\"\" class=\"wp-image-188 size-full\"\/><\/figure><\/div>\n<\/div>\n\n\n\n<div class=\"wp-block-group alignwide has-global-padding is-layout-constrained wp-container-core-group-is-layout-c37d26ca wp-block-group-is-layout-constrained\" id=\"PACC\" style=\"padding-top:0rem;padding-right:0;padding-left:0\">\n<div class=\"wp-block-media-text alignwide is-stacked-on-mobile\" style=\"margin-right:0;margin-left:0;padding-right:0;padding-left:0;grid-template-columns:39% auto\" id=\"PACC\"><figure class=\"wp-block-media-text__media\"><img decoding=\"async\" src=\"https:\/\/tyler.com\/wp-content\/themes\/variations\/assets\/images\/about\/Our-Mission-min-1.jpg\" alt=\"\" class=\"wp-image-311 size-full\"\/><\/figure><div class=\"wp-block-media-text__content\">\n<div class=\"wp-block-group has-global-padding is-layout-constrained wp-container-core-group-is-layout-667d64a2 wp-block-group-is-layout-constrained\" style=\"padding-top:0rem;padding-right:0;padding-bottom:0rem;padding-left:2.71rem\">\n<h2 class=\"wp-block-heading has-text-align-left has-custom-vert-fonc-1-color has-text-color has-link-color wp-elements-80d409f8dd3eacc934e3083d839ebbc4\" style=\"font-size:clamp(1.502rem, 1.502rem + ((1vw - 0.2rem) * 1.815), 2.5rem);font-style:normal;font-weight:400;text-transform:capitalize\"><br>\ud83c\udf0d <strong>Plan d\u2019adaptation au changement climatique<\/strong><\/h2>\n\n\n\n<p class=\"has-text-color has-link-color wp-elements-9460a0cab207a2be824c0a0a89acc689\" style=\"color:#585858;font-size:clamp(14px, 0.875rem + ((1vw - 3.2px) * 0.455), 18px);\">Face aux impacts d\u00e9j\u00e0 visibles du changement climatique, Transilioze accompagne les territoires et organisations dans la construction de plans d\u2019adaptation robustes et contextualis\u00e9s.<br>Nous identifions les vuln\u00e9rabilit\u00e9s climatiques (canicules, s\u00e9cheresses, inondations, tensions sur les ressources, impacts sociaux et \u00e9conomiques) \u00e0 partir de donn\u00e9es locales et de concertations d\u2019acteurs.<br>L\u2019objectif est de prioriser des actions concr\u00e8tes, r\u00e9alistes et adapt\u00e9es aux capacit\u00e9s du territoire.<br>Nos d\u00e9marches d\u2019adaptation s\u2019inscrivent dans le temps long et int\u00e8grent les enjeux de r\u00e9silience, de justice sociale et de sant\u00e9.<br>L\u2019adaptation devient un levier strat\u00e9gique au service de la continuit\u00e9 et de la qualit\u00e9 de vie.<\/p>\n\n\n\n<div class=\"wp-block-buttons is-content-justification-left is-layout-flex wp-container-core-buttons-is-layout-5a13364f wp-block-buttons-is-layout-flex\" style=\"margin-top:2.01rem;margin-bottom:2.01rem\">\n<div class=\"wp-block-button is-style-fill\"><a class=\"wp-block-button__link has-text-color has-background has-custom-font-size wp-element-button\" style=\"border-radius:0px;color:#ffffff;background-color:#74a84a;padding-top:9px;padding-right:40px;padding-bottom:9px;padding-left:40px;font-size:clamp(0.875rem, 0.875rem + ((1vw - 0.2rem) * 0.464), 1.13rem);font-style:normal;font-weight:300;letter-spacing:2px;text-transform:uppercase\">Pour en savoir plus<\/a><\/div>\n<\/div>\n<\/div>\n<\/div><\/div>\n<\/div>\n\n\n\n<div class=\"wp-block-media-text alignwide has-media-on-the-right is-stacked-on-mobile\" style=\"margin-right:0;margin-left:0;padding-right:0;padding-left:0;grid-template-columns:auto 44%\" id=\"TETE\"><div class=\"wp-block-media-text__content\">\n<div class=\"wp-block-group has-global-padding is-layout-constrained wp-container-core-group-is-layout-31e26f69 wp-block-group-is-layout-constrained\" style=\"padding-top:0rem;padding-right:0rem;padding-bottom:0rem;padding-left:0\">\n<h2 class=\"wp-block-heading has-text-align-left has-custom-vert-fonc-1-color has-text-color has-link-color wp-elements-62a1f9088568d51f47c3c22c310ea4bb\" style=\"font-size:clamp(1.502rem, 1.502rem + ((1vw - 0.2rem) * 1.815), 2.5rem);font-style:normal;font-weight:400;text-transform:capitalize\"><br>\ud83c\udff7\ufe0f <strong>Labellisation \u00ab Territoire engag\u00e9 pour la transition \u00e9cologique \u00bb (ADEME)<\/strong><\/h2>\n\n\n\n<p class=\"has-text-color has-link-color wp-elements-4e2c0db948bbdbae804fc14cf95b6c4e\" style=\"color:#585858;font-size:clamp(14px, 0.875rem + ((1vw - 3.2px) * 0.455), 18px);\">Transilioze accompagne les collectivit\u00e9s dans l\u2019obtention et le suivi de la labellisation \u00ab Territoire engag\u00e9 pour la transition \u00e9cologique \u00bb port\u00e9e par l\u2019ADEME.<br>Nous intervenons \u00e0 chaque \u00e9tape : diagnostic, structuration de la gouvernance, d\u00e9finition du plan d\u2019actions, pr\u00e9paration des audits et animation de la d\u00e9marche.<br>La labellisation est abord\u00e9e comme un outil de progression continue, et non comme une simple reconnaissance administrative.<br>Elle permet de structurer les politiques publiques, de mobiliser les services et de valoriser l\u2019engagement du territoire.<br>Notre accompagnement vise une d\u00e9marche utile, lisible et appropri\u00e9e par l\u2019ensemble des acteurs locaux.<\/p>\n\n\n\n<div class=\"wp-block-buttons is-content-justification-left is-layout-flex wp-container-core-buttons-is-layout-5a13364f wp-block-buttons-is-layout-flex\" style=\"margin-top:2.01rem;margin-bottom:2.01rem\">\n<div class=\"wp-block-button is-style-fill\"><a class=\"wp-block-button__link has-text-color has-background has-custom-font-size wp-element-button\" style=\"border-radius:0px;color:#ffffff;background-color:#74a84a;padding-top:9px;padding-right:40px;padding-bottom:9px;padding-left:40px;font-size:clamp(0.875rem, 0.875rem + ((1vw - 0.2rem) * 0.464), 1.13rem);font-style:normal;font-weight:300;letter-spacing:2px;text-transform:uppercase\">Pour en savoir plus<\/a><\/div>\n<\/div>\n<\/div>\n<\/div><figure class=\"wp-block-media-text__media\"><img decoding=\"async\" src=\"https:\/\/tyler.com\/wp-content\/themes\/variations\/assets\/images\/about\/Our-Mission-min-1.jpg\" alt=\"\" class=\"wp-image-188 size-full\"\/><\/figure><\/div>\n\n\n\n<div class=\"wp-block-group alignwide has-global-padding is-layout-constrained wp-container-core-group-is-layout-34fd437c wp-block-group-is-layout-constrained\" style=\"padding-top:0rem;padding-right:0;padding-bottom:0rem;padding-left:0\">\n<div class=\"wp-block-media-text alignwide is-stacked-on-mobile\" style=\"margin-right:0;margin-left:0;padding-right:0;padding-left:0\" id=\"PCAET\"><figure class=\"wp-block-media-text__media\"><img decoding=\"async\" src=\"https:\/\/tyler.com\/wp-content\/themes\/variations\/assets\/images\/about\/Our-Mission-min-1.jpg\" alt=\"\" class=\"wp-image-188 size-full\"\/><\/figure><div class=\"wp-block-media-text__content\">\n<div class=\"wp-block-group has-global-padding is-layout-constrained wp-container-core-group-is-layout-31e26f69 wp-block-group-is-layout-constrained\" style=\"padding-top:0rem;padding-right:0rem;padding-bottom:0rem;padding-left:0\">\n<h2 class=\"wp-block-heading has-text-align-left has-custom-vert-fonc-1-color has-text-color has-link-color wp-elements-2f77ae6ad1eefb062e91a454b0c7fd7a\" style=\"font-size:clamp(1.502rem, 1.502rem + ((1vw - 0.2rem) * 1.815), 2.5rem);font-style:normal;font-weight:400;text-transform:capitalize\"><br><br>\ud83c\udf2c\ufe0f <strong>PCAET \u2013 Plans Climat Air \u00c9nergie Territoriaux<\/strong><\/h2>\n\n\n\n<p class=\"has-text-color has-link-color wp-elements-d0895b7ad2669c9a6974d9c47aa5fe50\" style=\"color:#585858;font-size:clamp(14px, 0.875rem + ((1vw - 3.2px) * 0.455), 18px);\">Transilioze accompagne les intercommunalit\u00e9s dans l\u2019\u00e9laboration, la r\u00e9vision et l\u2019animation de leur Plan Climat Air \u00c9nergie Territorial (PCAET).<br>Nous intervenons sur l\u2019ensemble des phases : diagnostic, strat\u00e9gie, programme d\u2019actions, \u00e9valuation environnementale et suivi. Une attention particuli\u00e8re est port\u00e9e \u00e0 la concertation, \u00e0 la mise en r\u00e9cit du projet et \u00e0 l\u2019appropriation politique et technique.<br>Le PCAET est con\u00e7u comme un outil structurant au service de la transition du territoire, et non comme un document fig\u00e9. Nous veillons \u00e0 articuler les enjeux climat, air, \u00e9nergie, sant\u00e9, sobri\u00e9t\u00e9 et r\u00e9silience de mani\u00e8re coh\u00e9rente et op\u00e9rationnelle.<\/p>\n\n\n\n<div class=\"wp-block-buttons is-content-justification-left is-layout-flex wp-container-core-buttons-is-layout-5a13364f wp-block-buttons-is-layout-flex\" style=\"margin-top:2.01rem;margin-bottom:2.01rem\">\n<div class=\"wp-block-button is-style-fill\"><a class=\"wp-block-button__link has-text-color has-background has-custom-font-size wp-element-button\" style=\"border-radius:0px;color:#ffffff;background-color:#74a84a;padding-top:9px;padding-right:40px;padding-bottom:9px;padding-left:40px;font-size:clamp(0.875rem, 0.875rem + ((1vw - 0.2rem) * 0.464), 1.13rem);font-style:normal;font-weight:300;letter-spacing:2px;text-transform:uppercase\">Pour en savoir plus<\/a><\/div>\n<\/div>\n<\/div>\n<\/div><\/div>\n<\/div>\n\n\n\n<div class=\"wp-block-cover alignfull is-light\" style=\"padding-top:0px;padding-bottom:0px;min-height:272px;aspect-ratio:unset;\"><img decoding=\"async\" class=\"wp-block-cover__image-background wp-image-198\" alt=\"\" src=\"https:\/\/tyler.com\/wp-content\/themes\/variations\/assets\/images\/call-to-action\/Call-to-action.jpg\" style=\"object-position:50% 49%\" data-object-fit=\"cover\" data-object-position=\"50% 49%\"\/><span aria-hidden=\"true\" class=\"wp-block-cover__background has-background-dim-0 has-background-dim\"><\/span><div class=\"wp-block-cover__inner-container has-global-padding is-layout-constrained wp-block-cover-is-layout-constrained\">\n<div class=\"wp-block-group has-global-padding is-layout-constrained wp-container-core-group-is-layout-ebe15cfa wp-block-group-is-layout-constrained\">\n<div class=\"wp-block-group is-vertical is-content-justification-center is-layout-flex wp-container-core-group-is-layout-df5e5584 wp-block-group-is-layout-flex\" style=\"padding-top:0;padding-right:2.01rem;padding-bottom:0;padding-left:2.01rem\">\n<p class=\"has-text-align-center has-text-color\" style=\"color:#585858;font-size:clamp(0.875rem, 0.875rem + ((1vw - 0.2rem) * 0.464), 1.13rem);font-style:normal;font-weight:400\">Vous avez des questions ? Nous sommes toujours dispos\u00e9s \u00e0 discuter de vos nouveaux projets, des opportunit\u00e9s cr\u00e9atives et de la mani\u00e8re dont nous pouvons vous aider.<\/p>\n\n\n\n<div class=\"wp-block-buttons is-content-justification-center is-layout-flex wp-container-core-buttons-is-layout-f9602b72 wp-block-buttons-is-layout-flex\" style=\"margin-top:2.01rem;margin-bottom:2.01rem\">\n<div class=\"wp-block-button is-style-fill\"><a class=\"wp-block-button__link has-text-color has-background has-custom-font-size wp-element-button\" style=\"border-radius:0px;color:#ffffff;background-color:#74a84a;padding-top:9px;padding-right:40px;padding-bottom:9px;padding-left:40px;font-size:clamp(0.875rem, 0.875rem + ((1vw - 0.2rem) * 0.464), 1.13rem);font-style:normal;font-weight:300;letter-spacing:2px;text-transform:uppercase\">contactez-nous<\/a><\/div>\n<\/div>\n<\/div>\n<\/div>\n<\/div><\/div>\n","protected":false},"excerpt":{"rendered":"<p>\ud83c\udf31Bilan Carbone \/ BEGES Transilioze accompagne les collectivit\u00e9s et les organisations dans la r\u00e9alisation de leur Bilan d\u2019\u00c9missions de Gaz \u00e0 Effet de Serre (BEGES), conform\u00e9ment aux exigences r\u00e9glementaires et m\u00e9thodologiques.Nous analysons l\u2019ensemble des postes d\u2019\u00e9missions (\u00e9nergie, d\u00e9placements, achats, patrimoine, services\u2026) afin de produire un diagnostic fiable, partag\u00e9 et op\u00e9rationnel.Au-del\u00e0 des chiffres, notre approche vise [&hellip;]<\/p>\n","protected":false},"author":1,"featured_media":0,"parent":0,"menu_order":0,"comment_status":"closed","ping_status":"closed","template":"","meta":{"footnotes":""},"class_list":["post-47","page","type-page","status-publish","hentry"],"_links":{"self":[{"href":"https:\/\/transilioze.fr\/index.php\/wp-json\/wp\/v2\/pages\/47","targetHints":{"allow":["GET"]}}],"collection":[{"href":"https:\/\/transilioze.fr\/index.php\/wp-json\/wp\/v2\/pages"}],"about":[{"href":"https:\/\/transilioze.fr\/index.php\/wp-json\/wp\/v2\/types\/page"}],"author":[{"embeddable":true,"href":"https:\/\/transilioze.fr\/index.php\/wp-json\/wp\/v2\/users\/1"}],"replies":[{"embeddable":true,"href":"https:\/\/transilioze.fr\/index.php\/wp-json\/wp\/v2\/comments?post=47"}],"version-history":[{"count":20,"href":"https:\/\/transilioze.fr\/index.php\/wp-json\/wp\/v2\/pages\/47\/revisions"}],"predecessor-version":[{"id":232,"href":"https:\/\/transilioze.fr\/index.php\/wp-json\/wp\/v2\/pages\/47\/revisions\/232"}],"wp:attachment":[{"href":"https:\/\/transilioze.fr\/index.php\/wp-json\/wp\/v2\/media?parent=47"}],"curies":[{"name":"wp","href":"https:\/\/api.w.org\/{rel}","templated":true}]}}