{"id":43,"date":"2026-01-07T12:37:34","date_gmt":"2026-01-07T11:37:34","guid":{"rendered":"https:\/\/transilioze.fr\/?page_id=43"},"modified":"2026-02-05T10:01:09","modified_gmt":"2026-02-05T09:01:09","slug":"accueil","status":"publish","type":"page","link":"https:\/\/transilioze.fr\/","title":{"rendered":"Accueil"},"content":{"rendered":"\n<div class=\"wp-block-cover alignfull is-light\" style=\"border-style:none;border-width:0px;min-height:960px;aspect-ratio:unset;\"><img decoding=\"async\" class=\"wp-block-cover__image-background wp-image-4302\" alt=\"\" src=\"https:\/\/images.unsplash.com\/photo-1563913640670-bbc6874d15b4?ixid=M3w1NjExMzd8MHwxfHNlYXJjaHw4fHxldXJvcGVhbiUyMGZvcmVzdHxlbnwwfHx8fDE3Njc3ODcxODZ8MA&amp;ixlib=rb-4.1.0&amp;fm=webp&amp;w=1920\" data-object-fit=\"cover\"\/><span aria-hidden=\"true\" class=\"wp-block-cover__background has-custom-vert-clair-1-background-color has-background-dim\"><\/span><div class=\"wp-block-cover__inner-container is-layout-flow wp-block-cover-is-layout-flow\">\n<div style=\"height:0px\" aria-hidden=\"true\" class=\"wp-block-spacer\"><\/div>\n\n\n\n<p class=\"has-text-align-center has-custom-vert-fonc-1-color has-text-color\" style=\"margin-top:0;margin-bottom:0;padding-top:0;padding-right:0;padding-bottom:0;padding-left:0;font-size:clamp(1.25rem, 1.25rem + ((1vw - 0.2rem) * 1.364), 2rem);font-style:normal;font-weight:300;letter-spacing:0.1rem;text-transform:none\"><br><strong>Acc\u00e9l\u00e9rer la transition \u00e9cologique des organisations et des territoires<\/strong><\/p>\n\n\n\n<h2 class=\"wp-block-heading has-text-align-center has-custom-beige-1-color has-text-color has-geologica-font-family has-x-large-font-size\" style=\"margin-top:0;margin-right:0;margin-bottom:0;margin-left:0;padding-top:0;padding-bottom:0;font-style:normal;font-weight:500;text-transform:none\"><br><strong>Conseil, accompagnement, formation et animation<\/strong><br>au service de <strong>trajectoires bas carbone<\/strong> et de <strong>territoires r\u00e9silients<\/strong>.<\/h2>\n\n\n\n<p class=\"has-text-align-center @media (max-width: 768px) { .hide-on-mobile display: none !important; } has-custom-beige-1-color has-text-color has-geologica-font-family\" style=\"margin-top:0;margin-bottom:0;padding-top:0;padding-right:0rem;padding-bottom:0;padding-left:0rem;font-size:clamp(0.929rem, 0.929rem + ((1vw - 0.2rem) * 0.856), 1.4rem);letter-spacing:0.1rem;text-transform:none\"><br>Transilioze accompagne les collectivit\u00e9s, entreprises et acteurs territoriaux dans la structuration et le d\u00e9ploiement de leurs d\u00e9marches de transition \u00e9cologique.<\/p>\n\n\n\n<div class=\"wp-block-buttons is-horizontal is-content-justification-center is-layout-flex wp-container-core-buttons-is-layout-1e253a5d wp-block-buttons-is-layout-flex\" style=\"margin-top:2.01rem;margin-bottom:2.01rem\">\n<div class=\"wp-block-button is-style-outline is-style-outline--1\"><a class=\"wp-block-button__link has-custom-beige-1-color has-custom-vert-fonc-1-background-color has-text-color has-background has-custom-font-size wp-element-button\" href=\"https:\/\/transilioze.fr\/index.php\/offres-accompagnements\" style=\"border-radius:0px;padding-top:9px;padding-right:40px;padding-bottom:9px;padding-left:40px;font-size:clamp(1.092rem, 1.092rem + ((1vw - 0.2rem) * 1.105), 1.7rem);font-style:normal;font-weight:500;letter-spacing:2px;text-transform:none\"><strong>D\u00e9couvrir notre accompagnement<\/strong><\/a><\/div>\n<\/div>\n<\/div><\/div>\n\n\n\n<section class=\"wp-block-group alignfull has-background is-layout-flow wp-container-core-group-is-layout-bc24804b wp-block-group-is-layout-flow\" style=\"border-style:none;border-width:0px;background-color:#e9f3f585;margin-top:0rem;margin-bottom:var(--wp--preset--spacing--70);padding-right:0;padding-left:0;font-size:clamp(0.875rem, 0.875rem + ((1vw - 0.2rem) * 0.464), 1.13rem);font-style:normal;font-weight:400;line-height:1.5\">\n<div class=\"wp-block-group alignwide is-style-default has-geologica-font-family is-layout-flow wp-container-core-group-is-layout-79bb6e56 wp-block-group-is-layout-flow\" style=\"margin-top:0;margin-bottom:0;padding-top:40px;padding-right:0;padding-bottom:40px;padding-left:0\">\n<h2 class=\"wp-block-heading has-text-align-center has-custom-vert-fonc-1-color has-text-color has-work-sans-font-family\" style=\"font-size:clamp(17.905px, 1.119rem + ((1vw - 3.2px) * 1.147), 28px);font-style:normal;font-weight:400\">Une approche pragmatique, collective et ancr\u00e9e dans les territoires<\/h2>\n\n\n\n<p class=\"has-text-align-center has-text-color has-playfair-display-font-family\" style=\"color:#292929;padding-bottom:0;font-size:clamp(14px, 0.875rem + ((1vw - 3.2px) * 0.682), 20px);font-style:normal;font-weight:500\">Face \u00e0 l\u2019urgence climatique et \u00e9cologique, les organisations ont besoin de m\u00e9thodes claires,<\/p>\n\n\n\n<p class=\"has-text-align-center has-text-color has-playfair-display-font-family\" style=\"color:#292929;padding-bottom:0;font-size:clamp(14px, 0.875rem + ((1vw - 3.2px) * 0.682), 20px);font-style:normal;font-weight:500\">d\u2019outils op\u00e9rationnels et d\u2019accompagnements adapt\u00e9s \u00e0 leur r\u00e9alit\u00e9.<\/p>\n<\/div>\n\n\n\n<div class=\"wp-block-group alignwide has-geologica-font-family has-global-padding is-layout-constrained wp-container-core-group-is-layout-2137abf5 wp-block-group-is-layout-constrained\" style=\"margin-top:0;margin-bottom:0;padding-top:0px;padding-right:var(--wp--preset--spacing--80);padding-bottom:0px\">\n<h2 class=\"wp-block-heading has-text-align-center has-custom-vert-fonc-1-color has-text-color has-geologica-font-family\" style=\"padding-right:var(--wp--preset--spacing--80);padding-left:0;font-size:clamp(17.905px, 1.119rem + ((1vw - 3.2px) * 1.147), 28px);font-style:normal;font-weight:400\">Chez Transilioze, nous combinons<\/h2>\n<\/div>\n\n\n\n<div class=\"wp-block-group has-global-padding is-layout-constrained wp-block-group-is-layout-constrained\">\n<ul style=\"padding-top:var(--wp--preset--spacing--40);padding-left:var(--wp--preset--spacing--80)\" class=\"wp-block-list has-custom-vert-fonc-1-color has-text-color has-link-color wp-elements-d618c1d953076a5787b6300e36859c18\">\n<li><strong>Expertise climat et \u00e9nergie<\/strong><\/li>\n\n\n\n<li style=\"padding-left:0\"><strong>P\u00e9dagogie et sensibilisation<\/strong><\/li>\n\n\n\n<li><strong>Co-construction avec les acteurs<\/strong><\/li>\n<\/ul>\n<\/div>\n\n\n\n<p class=\"has-text-align-center has-custom-vert-fonc-1-color has-text-color has-link-color has-geologica-font-family wp-elements-ec34102f50ef71bc7cfc32a2df1480ba\" style=\"margin-top:0rem;margin-right:0;margin-bottom:0rem;margin-left:0;padding-top:var(--wp--preset--spacing--40);padding-bottom:var(--wp--preset--spacing--70);font-size:clamp(14px, 0.875rem + ((1vw - 3.2px) * 0.455), 18px);line-height:1.5\">Pour transformer les enjeux \u00e9cologiques en <strong>d\u00e9marches concr\u00e8tes, partag\u00e9es et robustes<\/strong>.<\/p>\n<\/section>\n\n\n\n<div class=\"wp-block-group alignwide has-global-padding is-layout-constrained wp-container-core-group-is-layout-d0b3968a wp-block-group-is-layout-constrained\" style=\"padding-top:0rem;padding-bottom:0rem\">\n<div class=\"wp-block-columns alignwide is-layout-flex wp-container-core-columns-is-layout-e121da15 wp-block-columns-is-layout-flex\" style=\"padding-right:2.01rem;padding-left:2.01rem\">\n<div class=\"wp-block-column is-layout-flow wp-container-core-column-is-layout-dc778769 wp-block-column-is-layout-flow\">\n<div class=\"wp-block-group is-vertical is-layout-flex wp-container-core-group-is-layout-634a1b30 wp-block-group-is-layout-flex\">\n<figure class=\"wp-block-image size-full has-custom-border\"><img decoding=\"async\" src=\"https:\/\/tyler.com\/wp-content\/themes\/variations\/assets\/images\/services\/Service-1-min.jpg\" alt=\"\" class=\"wp-image-174\" style=\"border-top-left-radius:15px;border-top-right-radius:15px;border-bottom-left-radius:15px;border-bottom-right-radius:15px;aspect-ratio:3\/4;object-fit:cover\"\/><\/figure>\n\n\n\n<h4 class=\"wp-block-heading has-text-align-left has-custom-vert-fonc-1-color has-text-color has-link-color wp-elements-658689cb3a5616a841082761efdc720d\" style=\"margin-top:20px;font-size:clamp(17.905px, 1.119rem + ((1vw - 3.2px) * 1.147), 28px);font-style:normal;font-weight:400;text-transform:capitalize\"><strong><a href=\"https:\/\/transilioze.fr\/index.php\/offres-accompagnements\/#BEGES\" data-type=\"page\" data-id=\"47\">Trajectoire bas carbone (BEGES)<\/a><\/strong><\/h4>\n\n\n\n<p class=\"has-text-color has-link-color wp-elements-f656ee7061a2ec287fe538a1942da8f1\" style=\"color:#585858;font-size:clamp(14px, 0.875rem + ((1vw - 3.2px) * 0.455), 18px);\">Structurer une strat\u00e9gie de r\u00e9duction des \u00e9missions de gaz \u00e0 effet de serre,<br>prioriser les leviers d\u2019action et piloter la transition dans le temps.<\/p>\n<\/div>\n<\/div>\n\n\n\n<div class=\"wp-block-column is-layout-flow wp-block-column-is-layout-flow\">\n<div class=\"wp-block-group is-vertical is-layout-flex wp-container-core-group-is-layout-634a1b30 wp-block-group-is-layout-flex\">\n<figure class=\"wp-block-image size-full has-custom-border\"><img decoding=\"async\" src=\"https:\/\/tyler.com\/wp-content\/themes\/variations\/assets\/images\/services\/Service-2-min.jpg\" alt=\"\" class=\"wp-image-175\" style=\"border-top-left-radius:15px;border-top-right-radius:15px;border-bottom-left-radius:15px;border-bottom-right-radius:15px;aspect-ratio:3\/4;object-fit:cover\"\/><\/figure>\n\n\n\n<h4 class=\"wp-block-heading has-text-align-left has-custom-vert-fonc-1-color has-text-color has-link-color wp-elements-a2411498a77feb5334b96a4774de500b\" style=\"margin-top:20px;font-size:clamp(17.905px, 1.119rem + ((1vw - 3.2px) * 1.147), 28px);font-style:normal;font-weight:400;text-transform:capitalize\"><a href=\"https:\/\/transilioze.fr\/index.php\/offres-accompagnements\/#PACC\" data-type=\"page\" data-id=\"47\"><strong>Plan d\u2019adaptation au changement climatique (PACC)<\/strong><\/a><\/h4>\n\n\n\n<p class=\"has-text-color has-link-color wp-elements-b3ee70c516d087433280dae43c43cec3\" style=\"color:#585858;font-size:clamp(14px, 0.875rem + ((1vw - 3.2px) * 0.455), 18px);\">Anticiper les impacts climatiques, \u00e9valuer les vuln\u00e9rabilit\u00e9s<br>et construire des r\u00e9ponses adapt\u00e9es pour renforcer la r\u00e9silience.<\/p>\n<\/div>\n<\/div>\n\n\n\n<div class=\"wp-block-column is-layout-flow wp-block-column-is-layout-flow\">\n<div class=\"wp-block-group is-vertical is-layout-flex wp-container-core-group-is-layout-634a1b30 wp-block-group-is-layout-flex\">\n<figure class=\"wp-block-image size-full has-custom-border is-style-default\"><img decoding=\"async\" src=\"https:\/\/tyler.com\/wp-content\/themes\/variations\/assets\/images\/services\/Service-3-min.jpg\" alt=\"\" class=\"wp-image-176\" style=\"border-style:none;border-width:0px;border-top-left-radius:15px;border-top-right-radius:15px;border-bottom-left-radius:15px;border-bottom-right-radius:15px;aspect-ratio:3\/4;object-fit:cover\"\/><\/figure>\n\n\n\n<h4 class=\"wp-block-heading has-text-align-left has-custom-vert-fonc-1-color has-text-color has-link-color has-geologica-font-family wp-elements-3bf88d52d4b2ee45f623d934fe97d1d1\" style=\"margin-top:20px;font-size:clamp(17.371px, 1.086rem + ((1vw - 3.2px) * 1.094), 27px);font-style:normal;font-weight:400;text-transform:capitalize\"><a href=\"https:\/\/transilioze.fr\/index.php\/offres-accompagnements\/#TETE\" data-type=\"page\" data-id=\"47\"><strong>Territoire Engag\u00e9 Transition \u00c9cologique (TETE)<\/strong><\/a><\/h4>\n\n\n\n<p class=\"has-text-color has-link-color wp-elements-dc212472a4bbfac6f38fc5cc3e2530e3\" style=\"color:#585858;font-size:clamp(14px, 0.875rem + ((1vw - 3.2px) * 0.455), 18px);\">Accompagner les collectivit\u00e9s dans la d\u00e9marche TETE :<br>diagnostic, strat\u00e9gie, plan d\u2019actions, mobilisation des services et des \u00e9lus et labellisation de votre collectivit\u00e9.<\/p>\n<\/div>\n<\/div>\n<\/div>\n<\/div>\n\n\n\n<div class=\"wp-block-group alignwide has-global-padding is-layout-constrained wp-container-core-group-is-layout-d0b3968a wp-block-group-is-layout-constrained\" style=\"padding-top:0rem;padding-bottom:0rem\">\n<div class=\"wp-block-columns alignwide is-layout-flex wp-container-core-columns-is-layout-e121da15 wp-block-columns-is-layout-flex\" style=\"padding-right:2.01rem;padding-left:2.01rem\">\n<div class=\"wp-block-column is-layout-flow wp-container-core-column-is-layout-dc778769 wp-block-column-is-layout-flow\">\n<div class=\"wp-block-group is-vertical is-layout-flex wp-container-core-group-is-layout-634a1b30 wp-block-group-is-layout-flex\">\n<figure class=\"wp-block-image size-full has-custom-border\"><img decoding=\"async\" src=\"https:\/\/tyler.com\/wp-content\/themes\/variations\/assets\/images\/services\/Service-1-min.jpg\" alt=\"\" class=\"wp-image-174\" style=\"border-top-left-radius:15px;border-top-right-radius:15px;border-bottom-left-radius:15px;border-bottom-right-radius:15px;aspect-ratio:3\/4;object-fit:cover\"\/><\/figure>\n\n\n\n<h4 class=\"wp-block-heading has-text-align-left has-custom-vert-fonc-1-color has-text-color has-link-color wp-elements-e88fdc4a8208dcc3e6a04cc44a2e23d7\" style=\"margin-top:20px;font-size:clamp(17.905px, 1.119rem + ((1vw - 3.2px) * 1.147), 28px);font-style:normal;font-weight:400;text-transform:capitalize\"><a href=\"https:\/\/transilioze.fr\/index.php\/offres-accompagnements\/#PCAET\" data-type=\"page\" data-id=\"47\"><strong>Plan Climat Air Energie Territorial (PCAET)<\/strong><\/a><\/h4>\n\n\n\n<p class=\"has-text-color has-link-color wp-elements-4a9272923c91cd17fbf19bb756c16b71\" style=\"color:#585858;font-size:clamp(14px, 0.875rem + ((1vw - 3.2px) * 0.455), 18px);\">Accompagner l\u2019\u00e9laboration, la mise en \u0153uvre et le suivi de PCAET et EES :<br>diagnostic, strat\u00e9gie territoriale, plan d\u2019actions et gouvernance.<\/p>\n<\/div>\n<\/div>\n\n\n\n<div class=\"wp-block-column is-layout-flow wp-block-column-is-layout-flow\">\n<div class=\"wp-block-group is-vertical is-layout-flex wp-container-core-group-is-layout-634a1b30 wp-block-group-is-layout-flex\">\n<figure class=\"wp-block-image size-full has-custom-border\"><img decoding=\"async\" src=\"https:\/\/tyler.com\/wp-content\/themes\/variations\/assets\/images\/services\/Service-2-min.jpg\" alt=\"\" class=\"wp-image-175\" style=\"border-top-left-radius:15px;border-top-right-radius:15px;border-bottom-left-radius:15px;border-bottom-right-radius:15px;aspect-ratio:3\/4;object-fit:cover\"\/><\/figure>\n\n\n\n<h4 class=\"wp-block-heading has-text-align-left has-custom-vert-fonc-1-color has-text-color has-link-color wp-elements-a4b6417ee22b33cac3754183c2c917f9\" style=\"margin-top:20px;font-size:clamp(17.905px, 1.119rem + ((1vw - 3.2px) * 1.147), 28px);font-style:normal;font-weight:400;text-transform:capitalize\"><a href=\"https:\/\/transilioze.fr\/index.php\/offres-conferences\/\" data-type=\"page\" data-id=\"130\"><strong>conf\u00e9rences &amp; Formations <\/strong><\/a><\/h4>\n\n\n\n<p class=\"has-text-color has-link-color wp-elements-44329abc511df13aaed99242e9de440f\" style=\"color:#585858;font-size:clamp(14px, 0.875rem + ((1vw - 3.2px) * 0.455), 18px);\">Former et acculturer vos \u00e9quipes aux enjeux \u00e9nergie-climat, d\u2019adaptation, de mobilit\u00e9 ainsi que de r\u00e9silience des territoires.<\/p>\n<\/div>\n<\/div>\n\n\n\n<div class=\"wp-block-column is-layout-flow wp-block-column-is-layout-flow\">\n<div class=\"wp-block-group is-vertical is-layout-flex wp-container-core-group-is-layout-634a1b30 wp-block-group-is-layout-flex\">\n<figure class=\"wp-block-image size-full has-custom-border is-style-default\"><img decoding=\"async\" src=\"https:\/\/tyler.com\/wp-content\/themes\/variations\/assets\/images\/services\/Service-3-min.jpg\" alt=\"\" class=\"wp-image-176\" style=\"border-style:none;border-width:0px;border-top-left-radius:15px;border-top-right-radius:15px;border-bottom-left-radius:15px;border-bottom-right-radius:15px;aspect-ratio:3\/4;object-fit:cover\"\/><\/figure>\n\n\n\n<h4 class=\"wp-block-heading has-text-align-left has-custom-vert-fonc-1-color has-text-color has-link-color has-geologica-font-family wp-elements-488feec0f6dd8a8b0a0c8d5ec1995c5d\" style=\"margin-top:20px;font-size:clamp(17.371px, 1.086rem + ((1vw - 3.2px) * 1.094), 27px);font-style:normal;font-weight:400;text-transform:capitalize\"><a href=\"https:\/\/transilioze.fr\/index.php\/offres-ateliers-fresques-formations\/\" data-type=\"page\" data-id=\"128\"><strong>Ateliers &amp; fresques<\/strong><\/a><\/h4>\n\n\n\n<p class=\"has-text-color has-link-color wp-elements-cdb2890395769bcc932e4b9f3abc6b44\" style=\"color:#585858;font-size:clamp(14px, 0.875rem + ((1vw - 3.2px) * 0.455), 18px);\">Sensibiliser avec des outils d\u2019intelligence collective aux enjeux environnementaux.<\/p>\n\n\n\n<p class=\"has-text-color has-link-color wp-elements-f9a3507bacd972854b500d4acf11786e\" style=\"color:#585858;font-size:clamp(14px, 0.875rem + ((1vw - 3.2px) * 0.455), 18px);\">Animation des fresques du climat, de la biodiversit\u00e9, de la mobilit\u00e9, des d\u00e9chets, du num\u00e9rique. Ateliers 2tonnes, Adaptation au changement climatique (AdACC) Inventons Nos Vies Bas Carbone (INVBC), D\u00e9CO2lle, OGRE.<\/p>\n<\/div>\n<\/div>\n<\/div>\n<\/div>\n\n\n\n<div class=\"wp-block-group alignfull has-background has-global-padding is-layout-constrained wp-container-core-group-is-layout-1ca47824 wp-block-group-is-layout-constrained\" style=\"background-color:#e9f3f585;padding-top:0rem;padding-right:0;padding-bottom:0rem;padding-left:0\">\n<div class=\"wp-block-media-text alignwide has-media-on-the-right is-stacked-on-mobile\" style=\"margin-right:0;margin-left:0;padding-right:0;padding-left:0;grid-template-columns:auto 34%\"><div class=\"wp-block-media-text__content\">\n<div class=\"wp-block-group has-global-padding is-layout-constrained wp-container-core-group-is-layout-0395af79 wp-block-group-is-layout-constrained\" style=\"padding-top:4.51rem;padding-right:2.71rem;padding-bottom:4.51rem;padding-left:0\">\n<h2 class=\"wp-block-heading has-text-align-left has-custom-vert-fonc-1-color has-text-color has-link-color wp-elements-544aa78c6ceb166c1116f5693b2e4780\" style=\"font-size:clamp(1.039rem, 1.039rem + ((1vw - 0.2rem) * 1.02), 1.6rem);font-style:normal;font-weight:400;letter-spacing:2px;text-transform:uppercase\"><br><strong>Structurer aujourd\u2019hui les transitions de demain afin de faire des enjeux \u00e9cologiques un levier de p\u00e9rennit\u00e9<\/strong><\/h2>\n\n\n\n<p class=\"has-text-color has-link-color wp-elements-90b085e1eb9ca712c430a270bbcca415\" style=\"color:#585858;font-size:clamp(0.875rem, 0.875rem + ((1vw - 0.2rem) * 0.464), 1.13rem);\">Chaque organisation avance \u00e0 son rythme, avec des enjeux et des contraintes sp\u00e9cifiques.<br>Notre r\u00f4le est de vous aider \u00e0 prendre du recul, \u00e0 poser un cap clair et \u00e0 construire des trajectoires r\u00e9alistes et ambitieuses.<\/p>\n\n\n\n<p class=\"has-text-color has-link-color wp-elements-b47f4082c6a9637069cb664882708fee\" style=\"color:#585858;font-size:clamp(0.875rem, 0.875rem + ((1vw - 0.2rem) * 0.464), 1.13rem);\">Face aux transformations climatiques, r\u00e9glementaires et soci\u00e9tales, les organisations doivent anticiper, s\u2019adapter et se transformer durablement.<\/p>\n<\/div>\n<\/div><figure class=\"wp-block-media-text__media\"><img decoding=\"async\" src=\"https:\/\/tyler.com\/wp-content\/themes\/variations\/assets\/images\/about\/Our-Mission-min-1.jpg\" alt=\"\" class=\"wp-image-188 size-full\"\/><\/figure><\/div>\n<\/div>\n\n\n\n<div class=\"wp-block-group alignfull has-global-padding is-layout-constrained wp-container-core-group-is-layout-cc1b849d wp-block-group-is-layout-constrained\" style=\"margin-top:0;margin-bottom:0;padding-top:0;padding-right:0;padding-bottom:0rem;padding-left:0\">\n<div class=\"wp-block-media-text alignwide is-stacked-on-mobile\" style=\"margin-top:var(--wp--preset--spacing--50);margin-right:0;margin-bottom:var(--wp--preset--spacing--50);margin-left:0;padding-top:0;padding-right:0;padding-bottom:0;padding-left:0;grid-template-columns:34% auto\"><figure class=\"wp-block-media-text__media\"><img decoding=\"async\" src=\"https:\/\/tyler.com\/wp-content\/themes\/variations\/assets\/images\/about\/Our-Mission-min-1.jpg\" alt=\"\" class=\"wp-image-188 size-full\"\/><\/figure><div class=\"wp-block-media-text__content\">\n<div class=\"wp-block-group is-layout-flow wp-container-core-group-is-layout-9ee7785f wp-block-group-is-layout-flow\" style=\"padding-top:4.51rem;padding-right:2.71rem;padding-bottom:4.51rem;padding-left:0\">\n<h2 class=\"wp-block-heading has-text-align-left has-custom-vert-fonc-1-color has-text-color has-link-color wp-elements-a21e267aecca83531875cab1753097d4\" style=\"font-size:clamp(1.039rem, 1.039rem + ((1vw - 0.2rem) * 1.02), 1.6rem);font-style:normal;font-weight:400;letter-spacing:2px;text-transform:uppercase\"><br><strong><strong>Nous accompagnons&nbsp;:<\/strong><\/strong><\/h2>\n\n\n\n<p>Les collectivit\u00e9s territoriales<\/p>\n\n\n\n<p>Les entreprises et organisations<\/p>\n\n\n\n<p>Les acteurs publics et parapublics<br>Les r\u00e9seaux, associations et collectifs territoriaux<\/p>\n<\/div>\n<\/div><\/div>\n<\/div>\n\n\n\n<div class=\"wp-block-cover alignfull is-light\" style=\"padding-top:0px;padding-bottom:0px;min-height:328px;aspect-ratio:unset;\"><img decoding=\"async\" class=\"wp-block-cover__image-background wp-image-198\" alt=\"\" src=\"https:\/\/tyler.com\/wp-content\/themes\/variations\/assets\/images\/call-to-action\/Call-to-action.jpg\" style=\"object-position:49% 50%\" data-object-fit=\"cover\" data-object-position=\"49% 50%\"\/><span aria-hidden=\"true\" class=\"wp-block-cover__background has-background-dim-0 has-background-dim\"><\/span><div class=\"wp-block-cover__inner-container has-global-padding is-layout-constrained wp-block-cover-is-layout-constrained\">\n<div class=\"wp-block-group has-global-padding is-layout-constrained wp-container-core-group-is-layout-ebe15cfa wp-block-group-is-layout-constrained\">\n<div class=\"wp-block-group is-vertical is-content-justification-center is-layout-flex wp-container-core-group-is-layout-df5e5584 wp-block-group-is-layout-flex\" style=\"padding-top:0;padding-right:2.01rem;padding-bottom:0;padding-left:2.01rem\">\n<h2 class=\"wp-block-heading has-text-align-center has-text-color\" style=\"color:#2c541d;font-size:clamp(1.198rem, 1.198rem + ((1vw - 0.2rem) * 1.276), 1.9rem);font-style:normal;font-weight:500;letter-spacing:2px;text-transform:uppercase\"><br><strong>Pr\u00eats \u00e0 structurer votre transition \u00e9cologique ?<\/strong><\/h2>\n\n\n\n<p class=\"has-text-align-center has-text-color\" style=\"color:#585858;font-size:clamp(0.875rem, 0.875rem + ((1vw - 0.2rem) * 0.464), 1.13rem);font-style:normal;font-weight:400\"><br>Chaque organisation est diff\u00e9rente. Nous construisons des accompagnements sur mesure, adapt\u00e9s \u00e0 vos enjeux et \u00e0 vos moyens.<\/p>\n\n\n\n<div class=\"wp-block-buttons is-content-justification-center is-layout-flex wp-container-core-buttons-is-layout-f9602b72 wp-block-buttons-is-layout-flex\" style=\"margin-top:2.01rem;margin-bottom:2.01rem\">\n<div class=\"wp-block-button is-style-fill\"><a class=\"wp-block-button__link has-text-color has-background has-custom-font-size wp-element-button\" href=\"https:\/\/transilioze.fr\/index.php\/contact\/\" style=\"border-radius:0px;color:#ffffff;background-color:#74a84a;padding-top:9px;padding-right:40px;padding-bottom:9px;padding-left:40px;font-size:clamp(0.875rem, 0.875rem + ((1vw - 0.2rem) * 0.464), 1.13rem);font-style:normal;font-weight:300;letter-spacing:2px;text-transform:uppercase\">contacteZ-nous<\/a><\/div>\n<\/div>\n<\/div>\n<\/div>\n<\/div><\/div>\n","protected":false},"excerpt":{"rendered":"<p>Une approche pragmatique, collective et ancr\u00e9e dans les territoires Face \u00e0 l\u2019urgence climatique et \u00e9cologique, les organisations ont besoin de m\u00e9thodes claires, d\u2019outils op\u00e9rationnels et d\u2019accompagnements adapt\u00e9s \u00e0 leur r\u00e9alit\u00e9. Chez Transilioze, nous combinons Pour transformer les enjeux \u00e9cologiques en d\u00e9marches concr\u00e8tes, partag\u00e9es et robustes. Trajectoire bas carbone (BEGES) Structurer une strat\u00e9gie de r\u00e9duction des [&hellip;]<\/p>\n","protected":false},"author":1,"featured_media":0,"parent":0,"menu_order":0,"comment_status":"closed","ping_status":"closed","template":"","meta":{"footnotes":""},"class_list":["post-43","page","type-page","status-publish","hentry"],"_links":{"self":[{"href":"https:\/\/transilioze.fr\/index.php\/wp-json\/wp\/v2\/pages\/43","targetHints":{"allow":["GET"]}}],"collection":[{"href":"https:\/\/transilioze.fr\/index.php\/wp-json\/wp\/v2\/pages"}],"about":[{"href":"https:\/\/transilioze.fr\/index.php\/wp-json\/wp\/v2\/types\/page"}],"author":[{"embeddable":true,"href":"https:\/\/transilioze.fr\/index.php\/wp-json\/wp\/v2\/users\/1"}],"replies":[{"embeddable":true,"href":"https:\/\/transilioze.fr\/index.php\/wp-json\/wp\/v2\/comments?post=43"}],"version-history":[{"count":58,"href":"https:\/\/transilioze.fr\/index.php\/wp-json\/wp\/v2\/pages\/43\/revisions"}],"predecessor-version":[{"id":267,"href":"https:\/\/transilioze.fr\/index.php\/wp-json\/wp\/v2\/pages\/43\/revisions\/267"}],"wp:attachment":[{"href":"https:\/\/transilioze.fr\/index.php\/wp-json\/wp\/v2\/media?parent=43"}],"curies":[{"name":"wp","href":"https:\/\/api.w.org\/{rel}","templated":true}]}}