{"id":130,"date":"2026-01-29T15:45:19","date_gmt":"2026-01-29T14:45:19","guid":{"rendered":"https:\/\/transilioze.fr\/?page_id=130"},"modified":"2026-02-02T12:34:37","modified_gmt":"2026-02-02T11:34:37","slug":"offres-conferences","status":"publish","type":"page","link":"https:\/\/transilioze.fr\/index.php\/offres-conferences\/","title":{"rendered":"Offres\/Conferences"},"content":{"rendered":"\n<div class=\"wp-block-cover alignfull is-light\" style=\"min-height:280px;aspect-ratio:unset;\"><img decoding=\"async\" class=\"wp-block-cover__image-background wp-image-270\" alt=\"\" src=\"https:\/\/tyler.com\/wp-content\/themes\/variations\/assets\/images\/about\/About-banner-1.jpg\" style=\"object-position:47% 78%\" data-object-fit=\"cover\" data-object-position=\"47% 78%\"\/><span aria-hidden=\"true\" class=\"wp-block-cover__background has-background-dim-0 has-background-dim\"><\/span><div class=\"wp-block-cover__inner-container has-global-padding is-layout-constrained wp-block-cover-is-layout-constrained\">\n<div class=\"wp-block-group is-vertical is-content-justification-center is-layout-flex wp-container-core-group-is-layout-00c5e2a0 wp-block-group-is-layout-flex\" style=\"padding-top:50px;padding-right:0rem;padding-bottom:0;padding-left:0rem\">\n<h1 class=\"wp-block-heading has-text-color\" style=\"color:#345c01;font-size:clamp(2.418rem, 2.418rem + ((1vw - 0.2rem) * 3.785), 4.5rem);font-style:normal;font-weight:500\">Nos <mark style=\"background-color:rgba(0, 0, 0, 0)\" class=\"has-inline-color has-custom-vert-fonc-1-color\">conf\u00e9rences<\/mark><\/h1>\n<\/div>\n<\/div><\/div>\n\n\n\n<div class=\"wp-block-group alignwide has-global-padding is-layout-constrained wp-container-core-group-is-layout-bd379bf5 wp-block-group-is-layout-constrained\" style=\"padding-top:5rem;padding-right:0;padding-left:0\">\n<div class=\"wp-block-media-text alignwide has-media-on-the-right is-stacked-on-mobile\" style=\"margin-right:0;margin-left:0;padding-right:0;padding-left:0;grid-template-columns:auto 40%\"><div class=\"wp-block-media-text__content\">\n<div class=\"wp-block-group has-global-padding is-layout-constrained wp-container-core-group-is-layout-31e26f69 wp-block-group-is-layout-constrained\" style=\"padding-top:0rem;padding-right:0rem;padding-bottom:0rem;padding-left:0\">\n<h6 class=\"wp-block-heading has-text-align-left has-custom-vert-fonc-1-color has-text-color has-link-color wp-elements-2ae97e1d194bc3f45c174cbdbadc9cc3\" style=\"font-size:clamp(1.502rem, 1.502rem + ((1vw - 0.2rem) * 1.815), 2.5rem);font-style:normal;font-weight:400;text-transform:capitalize\"><br>\ud83c\udfa4 <strong>Conf\u00e9rence \u2013 Enjeux \u00e9nergie-climat<\/strong><\/h6>\n\n\n\n<p class=\"has-text-color has-link-color wp-elements-0843128bf9f3a4d9609ed7fc9b8f2d2d\" style=\"color:#585858;font-size:clamp(14px, 0.875rem + ((1vw - 3.2px) * 0.455), 18px);\"><br>Cette conf\u00e9rence propose une lecture claire et structur\u00e9e des enjeux \u00e9nergie-climat \u00e0 l\u2019\u00e9chelle mondiale et territoriale.<br>\u00c0 partir de donn\u00e9es scientifiques et d\u2019ordres de grandeur, elle permet de comprendre les causes du changement climatique, les liens avec nos syst\u00e8mes \u00e9nerg\u00e9tiques et les impacts d\u00e9j\u00e0 visibles.<br>L\u2019intervention met en perspective les leviers d\u2019action individuels et collectifs, sans discours culpabilisant.<br>Elle s\u2019adresse \u00e0 tout public souhaitant acqu\u00e9rir une compr\u00e9hension solide et partag\u00e9e des enjeux climatiques.<br>Un temps d\u2019\u00e9change permet d\u2019adapter les messages aux r\u00e9alit\u00e9s du public et du territoire.<\/p>\n<\/div>\n<\/div><figure class=\"wp-block-media-text__media\"><img decoding=\"async\" src=\"https:\/\/tyler.com\/wp-content\/themes\/variations\/assets\/images\/about\/Our-Mission-min-1.jpg\" alt=\"\" class=\"wp-image-188 size-full\"\/><\/figure><\/div>\n<\/div>\n\n\n\n<div class=\"wp-block-group alignwide has-global-padding is-layout-constrained wp-container-core-group-is-layout-c37d26ca wp-block-group-is-layout-constrained\" style=\"padding-top:0rem;padding-right:0;padding-left:0\">\n<div class=\"wp-block-media-text alignwide is-stacked-on-mobile\" style=\"margin-right:0;margin-left:0;padding-right:0;padding-left:0;grid-template-columns:39% auto\"><figure class=\"wp-block-media-text__media\"><img decoding=\"async\" src=\"https:\/\/tyler.com\/wp-content\/themes\/variations\/assets\/images\/about\/Our-Mission-min-1.jpg\" alt=\"\" class=\"wp-image-311 size-full\"\/><\/figure><div class=\"wp-block-media-text__content\">\n<div class=\"wp-block-group has-global-padding is-layout-constrained wp-container-core-group-is-layout-12613d60 wp-block-group-is-layout-constrained\" style=\"padding-top:0rem;padding-right:0;padding-bottom:0rem;padding-left:0rem\">\n<h2 class=\"wp-block-heading has-text-align-left has-custom-vert-fonc-1-color has-text-color has-link-color wp-elements-14c837cdbb9a62c9674d5e64623a3d87\" style=\"font-size:clamp(1.502rem, 1.502rem + ((1vw - 0.2rem) * 1.815), 2.5rem);font-style:normal;font-weight:400;text-transform:capitalize\"><br><br><br>\ud83c\udf21\ufe0f <strong>Conf\u00e9rence \u2013 Adaptation au changement climatique<\/strong><\/h2>\n\n\n\n<p class=\"has-text-color has-link-color wp-elements-a40b1b57f55d50cc6b7f1e2d4b792d15\" style=\"color:#585858;font-size:clamp(14px, 0.875rem + ((1vw - 3.2px) * 0.455), 18px);\"><br>Cette conf\u00e9rence aborde les impacts concrets du changement climatique et la n\u00e9cessit\u00e9 de s\u2019y adapter d\u00e8s aujourd\u2019hui.<br>Canicules, s\u00e9cheresses, inondations, tensions sur les ressources : les vuln\u00e9rabilit\u00e9s des territoires sont analys\u00e9es \u00e0 partir d\u2019exemples concrets et de donn\u00e9es locales lorsque cela est possible.<br>L\u2019intervention met en lumi\u00e8re les principes cl\u00e9s de l\u2019adaptation et les leviers d\u2019action \u00e0 court, moyen et long terme.<br>Elle vise \u00e0 d\u00e9passer le constat pour ouvrir des pistes op\u00e9rationnelles et r\u00e9alistes.<br>La conf\u00e9rence s\u2019adresse aux collectivit\u00e9s, entreprises, acteurs locaux et citoyens.<\/p>\n\n\n\n<div class=\"wp-block-buttons is-content-justification-left is-layout-flex wp-container-core-buttons-is-layout-5a13364f wp-block-buttons-is-layout-flex\" style=\"margin-top:2.01rem;margin-bottom:2.01rem\">\n<div class=\"wp-block-button is-style-fill\"><a class=\"wp-block-button__link has-text-color has-background has-custom-font-size wp-element-button\" style=\"border-radius:0px;color:#ffffff;background-color:#74a84a;padding-top:9px;padding-right:40px;padding-bottom:9px;padding-left:40px;font-size:clamp(0.875rem, 0.875rem + ((1vw - 0.2rem) * 0.464), 1.13rem);font-style:normal;font-weight:300;letter-spacing:2px;text-transform:uppercase\">Pour en savoir plus<\/a><\/div>\n<\/div>\n<\/div>\n<\/div><\/div>\n<\/div>\n\n\n\n<div class=\"wp-block-media-text alignwide has-media-on-the-right is-stacked-on-mobile\" style=\"margin-right:0;margin-left:0;padding-right:0;padding-left:0;grid-template-columns:auto 44%\"><div class=\"wp-block-media-text__content\">\n<div class=\"wp-block-group has-global-padding is-layout-constrained wp-container-core-group-is-layout-31e26f69 wp-block-group-is-layout-constrained\" style=\"padding-top:0rem;padding-right:0rem;padding-bottom:0rem;padding-left:0\">\n<h2 class=\"wp-block-heading has-text-align-left has-custom-vert-fonc-1-color has-text-color has-link-color wp-elements-6d1f6a3976d59108983451222d8d5580\" style=\"font-size:clamp(1.502rem, 1.502rem + ((1vw - 0.2rem) * 1.815), 2.5rem);font-style:normal;font-weight:400;text-transform:capitalize\"><br>\ud83d\udee0\ufe0f <strong>Conf\u00e9rence \u2013 R\u00e9silience des territoires<\/strong><\/h2>\n\n\n\n<p class=\"has-text-color has-link-color wp-elements-d9bc6695eea22bca8b097fcaf64e68d7\" style=\"color:#585858;font-size:clamp(14px, 0.875rem + ((1vw - 3.2px) * 0.455), 18px);\"><br>Cette conf\u00e9rence explore la notion de r\u00e9silience territoriale face aux chocs climatiques, \u00e9nerg\u00e9tiques, \u00e9conomiques et sociaux.<br>Elle propose une approche syst\u00e9mique des fragilit\u00e9s et des d\u00e9pendances des territoires, tout en mettant en avant des leviers de renforcement de la r\u00e9silience.<br>Gouvernance, sobri\u00e9t\u00e9, adaptation, coop\u00e9ration locale et anticipation sont abord\u00e9es de mani\u00e8re transversale.<br>L\u2019objectif est de donner des cl\u00e9s de lecture pour penser des territoires plus robustes et solidaires.<br>La conf\u00e9rence favorise une r\u00e9flexion collective sur les trajectoires souhaitables et possibles.<\/p>\n<\/div>\n<\/div><figure class=\"wp-block-media-text__media\"><img decoding=\"async\" src=\"https:\/\/tyler.com\/wp-content\/themes\/variations\/assets\/images\/about\/Our-Mission-min-1.jpg\" alt=\"\" class=\"wp-image-188 size-full\"\/><\/figure><\/div>\n\n\n\n<div class=\"wp-block-group alignwide has-global-padding is-layout-constrained wp-container-core-group-is-layout-d2c187ee wp-block-group-is-layout-constrained\" style=\"padding-top:6.3rem;padding-right:0;padding-bottom:6.3rem;padding-left:0\">\n<div class=\"wp-block-media-text alignwide is-stacked-on-mobile\" style=\"margin-right:0;margin-left:0;padding-right:0;padding-left:0;grid-template-columns:38% auto\"><figure class=\"wp-block-media-text__media\"><img decoding=\"async\" src=\"https:\/\/tyler.com\/wp-content\/themes\/variations\/assets\/images\/about\/Our-Mission-min-1.jpg\" alt=\"\" class=\"wp-image-188 size-full\"\/><\/figure><div class=\"wp-block-media-text__content\">\n<div class=\"wp-block-group has-global-padding is-layout-constrained wp-container-core-group-is-layout-31e26f69 wp-block-group-is-layout-constrained\" style=\"padding-top:0rem;padding-right:0rem;padding-bottom:0rem;padding-left:0\">\n<h2 class=\"wp-block-heading has-text-align-left has-custom-vert-fonc-1-color has-text-color has-link-color wp-elements-d5e4b30feb58b0d2d186375f9f222168\" style=\"font-size:clamp(1.502rem, 1.502rem + ((1vw - 0.2rem) * 1.815), 2.5rem);font-style:normal;font-weight:400;text-transform:capitalize\">\ud83c\udfaf <strong>Conf\u00e9rences sur mesure<\/strong><\/h2>\n\n\n\n<p class=\"has-text-color has-link-color wp-elements-0356d78e401fa71c95ef5d96fe6e4682\" style=\"color:#585858;font-size:clamp(14px, 0.875rem + ((1vw - 3.2px) * 0.455), 18px);\"><br>Transilioze con\u00e7oit et anime des conf\u00e9rences sur mesure, adapt\u00e9es aux enjeux, au public et aux objectifs de chaque structure.<br>Le contenu est construit en lien \u00e9troit avec le commanditaire : th\u00e9matiques sp\u00e9cifiques, ancrage territorial, niveau de technicit\u00e9, dur\u00e9e et format.<br>Ces conf\u00e9rences peuvent s\u2019inscrire dans des \u00e9v\u00e9nements, des d\u00e9marches de sensibilisation, des formations ou des temps forts institutionnels.<br>Elles allient rigueur scientifique, p\u00e9dagogie et capacit\u00e9 \u00e0 susciter l\u2019\u00e9change.<br>Chaque intervention vise \u00e0 cr\u00e9er de la compr\u00e9hension, du sens et de l\u2019envie d\u2019agir.<\/p>\n<\/div>\n<\/div><\/div>\n<\/div>\n\n\n\n<div class=\"wp-block-cover alignfull is-light\" style=\"padding-top:0px;padding-bottom:0px;min-height:265px;aspect-ratio:unset;\"><img decoding=\"async\" class=\"wp-block-cover__image-background wp-image-198\" alt=\"\" src=\"https:\/\/tyler.com\/wp-content\/themes\/variations\/assets\/images\/call-to-action\/Call-to-action.jpg\" style=\"object-position:50% 49%\" data-object-fit=\"cover\" data-object-position=\"50% 49%\"\/><span aria-hidden=\"true\" class=\"wp-block-cover__background has-background-dim-0 has-background-dim\"><\/span><div class=\"wp-block-cover__inner-container has-global-padding is-layout-constrained wp-block-cover-is-layout-constrained\">\n<div class=\"wp-block-group has-global-padding is-layout-constrained wp-container-core-group-is-layout-ebe15cfa wp-block-group-is-layout-constrained\">\n<div class=\"wp-block-group is-vertical is-content-justification-center is-layout-flex wp-container-core-group-is-layout-df5e5584 wp-block-group-is-layout-flex\" style=\"padding-top:0;padding-right:2.01rem;padding-bottom:0;padding-left:2.01rem\">\n<p class=\"has-text-align-center has-text-color\" style=\"color:#585858;font-size:clamp(0.875rem, 0.875rem + ((1vw - 0.2rem) * 0.464), 1.13rem);font-style:normal;font-weight:400\">Vous avez des questions ? Nous sommes toujours dispos\u00e9s \u00e0 discuter de vos nouveaux projets, des opportunit\u00e9s cr\u00e9atives et de la mani\u00e8re dont nous pouvons vous aider.<\/p>\n\n\n\n<div class=\"wp-block-buttons is-content-justification-center is-layout-flex wp-container-core-buttons-is-layout-f9602b72 wp-block-buttons-is-layout-flex\" style=\"margin-top:2.01rem;margin-bottom:2.01rem\">\n<div class=\"wp-block-button is-style-fill\"><a class=\"wp-block-button__link has-text-color has-background has-custom-font-size wp-element-button\" style=\"border-radius:0px;color:#ffffff;background-color:#74a84a;padding-top:9px;padding-right:40px;padding-bottom:9px;padding-left:40px;font-size:clamp(0.875rem, 0.875rem + ((1vw - 0.2rem) * 0.464), 1.13rem);font-style:normal;font-weight:300;letter-spacing:2px;text-transform:uppercase\">Contactez-nous<\/a><\/div>\n<\/div>\n<\/div>\n<\/div>\n<\/div><\/div>\n","protected":false},"excerpt":{"rendered":"<p>\ud83c\udfa4 Conf\u00e9rence \u2013 Enjeux \u00e9nergie-climat Cette conf\u00e9rence propose une lecture claire et structur\u00e9e des enjeux \u00e9nergie-climat \u00e0 l\u2019\u00e9chelle mondiale et territoriale.\u00c0 partir de donn\u00e9es scientifiques et d\u2019ordres de grandeur, elle permet de comprendre les causes du changement climatique, les liens avec nos syst\u00e8mes \u00e9nerg\u00e9tiques et les impacts d\u00e9j\u00e0 visibles.L\u2019intervention met en perspective les leviers d\u2019action [&hellip;]<\/p>\n","protected":false},"author":1,"featured_media":0,"parent":0,"menu_order":0,"comment_status":"closed","ping_status":"closed","template":"","meta":{"footnotes":""},"class_list":["post-130","page","type-page","status-publish","hentry"],"_links":{"self":[{"href":"https:\/\/transilioze.fr\/index.php\/wp-json\/wp\/v2\/pages\/130","targetHints":{"allow":["GET"]}}],"collection":[{"href":"https:\/\/transilioze.fr\/index.php\/wp-json\/wp\/v2\/pages"}],"about":[{"href":"https:\/\/transilioze.fr\/index.php\/wp-json\/wp\/v2\/types\/page"}],"author":[{"embeddable":true,"href":"https:\/\/transilioze.fr\/index.php\/wp-json\/wp\/v2\/users\/1"}],"replies":[{"embeddable":true,"href":"https:\/\/transilioze.fr\/index.php\/wp-json\/wp\/v2\/comments?post=130"}],"version-history":[{"count":5,"href":"https:\/\/transilioze.fr\/index.php\/wp-json\/wp\/v2\/pages\/130\/revisions"}],"predecessor-version":[{"id":235,"href":"https:\/\/transilioze.fr\/index.php\/wp-json\/wp\/v2\/pages\/130\/revisions\/235"}],"wp:attachment":[{"href":"https:\/\/transilioze.fr\/index.php\/wp-json\/wp\/v2\/media?parent=130"}],"curies":[{"name":"wp","href":"https:\/\/api.w.org\/{rel}","templated":true}]}}